{"id":12,"date":"2024-04-21T16:43:23","date_gmt":"2024-04-21T16:43:23","guid":{"rendered":"https:\/\/findwayconsulting.com\/?page_id=12"},"modified":"2024-05-06T19:46:40","modified_gmt":"2024-05-06T19:46:40","slug":"home","status":"publish","type":"page","link":"http:\/\/findwayconsulting.com\/es\/","title":{"rendered":"Inicio"},"content":{"rendered":"<section class=\"wpb-content-wrapper\"><p>[vc_row full_width=\u00bbstretch_row_content_no_spaces\u00bb overlay_dotted=\u00bb\u00bb el_id=\u00bbhome\u00bb css=\u00bb.vc_custom_1714931441124{background-color: #ffffff !important;}\u00bb][vc_column][vc_empty_space height=\u00bb50px\u00bb][vc_column_text css_animation=\u00bbfadeIn\u00bb el_class=\u00bbwelcome__title\u00bb css=\u00bb.vc_custom_1715022977300{margin-bottom: 10px !important;padding-bottom: 0px !important;}\u00bb]<\/p>\n<h2>Bienvenido a Findway Consulting<\/h2>\n<p>[\/vc_column_text][vc_column_text css_animation=\u00bbfadeIn\u00bb el_class=\u00bbwelcome__text\u00bb]L\u00edder en soluciones de consultor\u00eda innovadoras[\/vc_column_text][vc_empty_space height=\u00bb50px\u00bb][\/vc_column][\/vc_row][vc_row full_width=\u00bbstretch_row_content_no_spaces\u00bb overlay_dotted=\u00bb\u00bb][vc_column][vc_row_inner css=\u00bb.vc_custom_1669068477817{padding-right: 10% !important;padding-left: 10% !important;}\u00bb][vc_column_inner width=\u00bb1\/3&#8243;][vc_single_image image=\u00bb200&#8243; img_size=\u00bb\u00bb alignment=\u00bbcenter\u00bb css_animation=\u00bbfadeIn\u00bb][vc_column_text css_animation=\u00bbfadeIn\u00bb el_class=\u00bbabout-us__title\u00bb]<\/p>\n<h3>\u200bAmplia Experiencia la Industria<\/h3>\n<p>[\/vc_column_text][vc_column_text css_animation=\u00bbfadeInUp\u00bb el_class=\u00bbabout-us__text\u00bb]Dirigido por un equipo de profesionales experimentados con m\u00e1s de 30 a\u00f1os de experiencia combinada en la industria. Nuestro equipo tiene un historial de \u00e9xito en diversos campos, ofreciendo una visi\u00f3n que nos permite comprender los desaf\u00edos y oportunidades \u00fanicos de cada cliente.[\/vc_column_text][\/vc_column_inner][vc_column_inner width=\u00bb1\/3&#8243;][vc_single_image image=\u00bb157&#8243; img_size=\u00bb\u00bb alignment=\u00bbcenter\u00bb css_animation=\u00bbfadeIn\u00bb][vc_column_text css_animation=\u00bbfadeIn\u00bb el_class=\u00bbabout-us__title\u00bb]<\/p>\n<h3>\u200b\u200bPotenciando Empresas e Individuos<\/h3>\n<p>[\/vc_column_text][vc_column_text css_animation=\u00bbfadeInUp\u00bb el_class=\u00bbabout-us__text\u00bb]En Findway Consulting, estamos dedicados a potenciar empresas e individuos para alcanzar sus objetivos, sea una startup o una empresa en crecimiento, creemos en proporcionar las herramientas y la orientaci\u00f3n necesarias para el \u00e9xito.[\/vc_column_text][\/vc_column_inner][vc_column_inner width=\u00bb1\/3&#8243;][vc_single_image image=\u00bb158&#8243; img_size=\u00bb\u00bb alignment=\u00bbcenter\u00bb css_animation=\u00bbfadeIn\u00bb][vc_column_text css_animation=\u00bbfadeIn\u00bb el_class=\u00bbabout-us__title\u00bb]<\/p>\n<h3>\u200b\u200bInnovaci\u00f3n Continua<\/h3>\n<p>[\/vc_column_text][vc_column_text css_animation=\u00bbfadeInUp\u00bb el_class=\u00bbabout-us__text\u00bb]Estamos comprometidos en ofrecer servicios de \u00faltima generaci\u00f3n adaptados a leyes y regulaciones actuales. Nuestro equipo est\u00e1 constantemente monitoreando las tendencias y avances de la industria para asegurar que proporcionemos las estrategias m\u00e1s innovadoras y efectivas.[\/vc_column_text][\/vc_column_inner][\/vc_row_inner][\/vc_column][\/vc_row][vc_row full_width=\u00bbstretch_row_content_no_spaces\u00bb overlay_dotted=\u00bb\u00bb css=\u00bb.vc_custom_1715007088489{padding-right: 5% !important;padding-left: 5% !important;background-color: #09629c !important;}\u00bb el_id=\u00bbour-services\u00bb][vc_column][vc_empty_space height=\u00bb100px\u00bb][vc_column_text css_animation=\u00bbfadeIn\u00bb el_class=\u00bbour-services__title\u00bb]<\/p>\n<h2>Nuestros Servicios<\/h2>\n<p>[\/vc_column_text][vc_row_inner][vc_column_inner width=\u00bb1\/3&#8243;][vc_single_image image=\u00bb139&#8243; img_size=\u00bb150&#215;150&#8243; alignment=\u00bbcenter\u00bb css_animation=\u00bbfadeInLeft\u00bb el_class=\u00bbabout-us__icon\u00bb][vc_column_text css_animation=\u00bbfadeIn\u00bb el_class=\u00bbour-services__title\u00bb]<\/p>\n<h3>\u200b\u200b\u200bServicios de Contabilidad<\/h3>\n<p>[\/vc_column_text][vc_column_text css_animation=\u00bbfadeInLeft\u00bb el_class=\u00bbservices__title\u00bb]En Findway Consulting, nos especializamos en gestionar sus registros financieros con precisi\u00f3n y exactitud. Nuestro equipo de expertos asegura que cada transacci\u00f3n sea meticulosamente documentada, proporcion\u00e1ndole una visi\u00f3n clara y organizada de sus ingresos y gastos.<\/p>\n<p>\u00a1Diga adi\u00f3s a los dolores de cabeza de la n\u00f3mina! Nos encargamos de todos los aspectos del procesamiento de la n\u00f3mina, desde el c\u00e1lculo de los salarios hasta la retenci\u00f3n de impuestos y la emisi\u00f3n de cheques de pago o dep\u00f3sitos directos. Con nuestras soluciones de n\u00f3mina sin problemas, puede concentrarse en hacer crecer su negocio mientras nosotros nos encargamos del resto.<br \/>\n[\/vc_column_text][\/vc_column_inner][vc_column_inner width=\u00bb1\/3&#8243;][vc_single_image image=\u00bb130&#8243; img_size=\u00bb150&#215;150&#8243; alignment=\u00bbcenter\u00bb css_animation=\u00bbfadeInDown\u00bb el_class=\u00bbabout-us__icon\u00bb][vc_column_text css_animation=\u00bbfadeIn\u00bb el_class=\u00bbour-services__title\u00bb]<\/p>\n<h3>Planificaci\u00f3n Financiera<\/h3>\n<p>[\/vc_column_text][vc_column_text css_animation=\u00bbfadeIn\u00bb el_class=\u00bbservices__title\u00bb]Nuestros servicios de planificaci\u00f3n financiera abarcan una variedad de \u00e1reas cr\u00edticas, incluyendo: Planificaci\u00f3n y Pron\u00f3stico, Manejo de Presupuesto, Gesti\u00f3n de Flujo de Efectivo, Planificaci\u00f3n Financiera Personalizada para Individuos, Planificaci\u00f3n Financiera Estrat\u00e9gica para Empresas.<\/p>\n<p>Para empresas, nos especializamos en Planificaci\u00f3n y Pron\u00f3stico, Manejo de Presupuesto, Apoyo a la Toma de Decisiones.<\/p>\n<p>Asegure su futuro con nuestras estrategias de construcci\u00f3n de patrimonio, que incluyen: Planificaci\u00f3n de Jubilaci\u00f3n y Planificaci\u00f3n de Herencia.<br \/>\n[\/vc_column_text][\/vc_column_inner][vc_column_inner width=\u00bb1\/3&#8243;][vc_single_image image=\u00bb131&#8243; img_size=\u00bb150&#215;150&#8243; alignment=\u00bbcenter\u00bb css_animation=\u00bbfadeInRight\u00bb el_class=\u00bbabout-us__icon\u00bb][vc_column_text css_animation=\u00bbfadeIn\u00bb el_class=\u00bbour-services__title\u00bb]<\/p>\n<h3>\u200b\u200b\u200bPlanificaci\u00f3n Tributaria<\/h3>\n<p>[\/vc_column_text][vc_column_text css_animation=\u00bbfadeInRight\u00bb el_class=\u00bbservices__title\u00bb]Nuestro equipo de expertos proporciona consejos y estrategias personalizados para minimizar las obligaciones fiscales y maximizar la eficiencia. Trabajamos en estrecha colaboraci\u00f3n con usted para desarrollar planes fiscales personalizados que se alineen con sus objetivos financieros.<\/p>\n<p>\u00a1Deje las complejidades de la presentaci\u00f3n de Taxes en nuestras manos! Ya sea impuestos individuales, corporativos o para peque\u00f1as empresas, ayudamos en la preparaci\u00f3n y presentaci\u00f3n de sus declaraciones con precisi\u00f3n y exactitud. Le asistimos para obtener su ITIN. Mant\u00e9ngase en cumplimiento y sin estr\u00e9s con nuestros servicios de preparaci\u00f3n de Taxes dedicados.<br \/>\n[\/vc_column_text][\/vc_column_inner][\/vc_row_inner][vc_row_inner][vc_column_inner width=\u00bb1\/3&#8243;][vc_single_image image=\u00bb129&#8243; img_size=\u00bb150&#215;150&#8243; alignment=\u00bbcenter\u00bb css_animation=\u00bbfadeInLeft\u00bb el_class=\u00bbabout-us__icon\u00bb][vc_column_text css_animation=\u00bbfadeIn\u00bb el_class=\u00bbour-services__title\u00bb]<\/p>\n<h3>Gesti\u00f3n Empresarial<\/h3>\n<p>[\/vc_column_text][vc_column_text css_animation=\u00bbfadeIn\u00bb el_class=\u00bbservices__title\u00bb]Nuestros servicios de gesti\u00f3n empresarial brindan orientaci\u00f3n estrat\u00e9gica a peque\u00f1as empresas, incluyendo: Consultor\u00eda sobre Estructura Empresarial, Planificaci\u00f3n de Expansi\u00f3n y Apoyo en la Toma de Decisiones Financieras.<\/p>\n<p>Asistimos en la creaci\u00f3n fluida y el cumplimiento de regulaciones para su negocio, encarg\u00e1ndonos de tareas como: Formaci\u00f3n Empresarial, Registro en Agencias Gubernamentales, Obtenci\u00f3n de EIN (N\u00famero de Identificaci\u00f3n del Empleador), Renovaciones Anuales.[\/vc_column_text][\/vc_column_inner][vc_column_inner width=\u00bb1\/3&#8243;][vc_single_image image=\u00bb218&#8243; img_size=\u00bb150&#215;150&#8243; alignment=\u00bbcenter\u00bb css_animation=\u00bbfadeInDown\u00bb el_class=\u00bbabout-us__icon\u00bb][vc_column_text css_animation=\u00bbfadeIn\u00bb el_class=\u00bbour-services__title\u00bb]<\/p>\n<h3>\u200b\u200b\u200bTransformaci\u00f3n Digital<\/h3>\n<p>[\/vc_column_text][vc_column_text css_animation=\u00bbfadeIn\u00bb el_class=\u00bbservices__title\u00bb]\u00a1Emprenda un viaje a la Transformaci\u00f3n Digital con nosotros! Integre sin problemas nuevas tecnolog\u00edas en sus operaciones comerciales, mejorando la eficiencia y el rendimiento. Perm\u00edtanos optimizar sus flujos de trabajo y eliminar tareas manuales a trav\u00e9s de procesos automatizados personalizados adaptados a sus necesidades comerciales espec\u00edficas.<\/p>\n<p>Proteja lo que m\u00e1s importa. Con la ciberseguridad y la protecci\u00f3n de datos a la vanguardia, resguarde su negocio de amenazas cibern\u00e9ticas y garantice la privacidad de los datos con nuestras s\u00f3lidas medidas de seguridad.<br \/>\n[\/vc_column_text][\/vc_column_inner][vc_column_inner width=\u00bb1\/3&#8243;][vc_single_image image=\u00bb215&#8243; img_size=\u00bb150&#215;150&#8243; alignment=\u00bbcenter\u00bb css_animation=\u00bbfadeInRight\u00bb el_class=\u00bbabout-us__icon\u00bb][vc_column_text css_animation=\u00bbfadeIn\u00bb el_class=\u00bbour-services__title\u00bb]<\/p>\n<h3>\u200b\u200b\u200bAuditoria<\/h3>\n<p>[\/vc_column_text][vc_column_text css_animation=\u00bbfadeIn\u00bb el_class=\u00bbservices__title\u00bb]Nuestros servicios de auditor\u00eda incluyen un examen meticuloso de los estados financieros para garantizar el cumplimiento de regulaciones y proporcionar seguridad sobre la precisi\u00f3n y confiabilidad de la informaci\u00f3n financiera. Con un ojo agudo para el detalle y una comprensi\u00f3n exhaustiva de las regulaciones de la industria, nuestros auditores experimentados revisan meticulosamente los registros financieros, las transacciones y los controles internos.<\/p>\n<p>En Findway Consulting, creemos que una auditor\u00eda efectiva va m\u00e1s all\u00e1 de solo cumplir con regulaciones. Sirve como una herramienta cr\u00edtica para identificar \u00e1reas de mejora en la eficiencia operativa y mitigar riesgos.[\/vc_column_text][\/vc_column_inner][\/vc_row_inner][vc_empty_space height=\u00bb100px\u00bb][\/vc_column][\/vc_row][vc_row full_width=\u00bbstretch_row_content_no_spaces\u00bb overlay_dotted=\u00bb\u00bb el_id=\u00bbour-values\u00bb css=\u00bb.vc_custom_1715011758627{padding-right: 5% !important;padding-left: 5% !important;background-color: #ffffff !important;}\u00bb][vc_column][vc_empty_space height=\u00bb100px\u00bb][vc_column_text css_animation=\u00bbfadeIn\u00bb el_class=\u00bbour-values__title\u00bb]<\/p>\n<h2>Misi\u00f3n y Valores<\/h2>\n<p>[\/vc_column_text][vc_column_text css_animation=\u00bbfadeIn\u00bb el_class=\u00bbour-values__subtitle\u00bb]Nuestra Misi\u00f3n es empoderar a empresas y personas a trav\u00e9s de servicios de consultor\u00eda experta para lograr crecimiento, prosperidad y \u00e9xito financiero.[\/vc_column_text][vc_row_inner][vc_column_inner width=\u00bb1\/3&#8243;][vc_single_image image=\u00bb195&#8243; img_size=\u00bb150&#215;150&#8243; alignment=\u00bbcenter\u00bb css_animation=\u00bbfadeIn\u00bb el_class=\u00bbabout-us__icon\u00bb][vc_column_text css_animation=\u00bbfadeInLeft\u00bb el_class=\u00bbour-values__title\u00bb]<\/p>\n<h3>Integridad<\/h3>\n<p>[\/vc_column_text][vc_column_text css_animation=\u00bbfadeInLeft\u00bb el_class=\u00bbour-values__text\u00bb]Mantenemos los m\u00e1s altos est\u00e1ndares \u00e9ticos. Somos transparentes, honestos y dignos de confianza en nuestras interacciones.[\/vc_column_text][\/vc_column_inner][vc_column_inner width=\u00bb1\/3&#8243;][vc_single_image image=\u00bb197&#8243; img_size=\u00bb150&#215;150&#8243; alignment=\u00bbcenter\u00bb css_animation=\u00bbfadeIn\u00bb el_class=\u00bbabout-us__icon\u00bb][vc_column_text css_animation=\u00bbfadeIn\u00bb el_class=\u00bbour-values__title\u00bb]<\/p>\n<h3>Excelencia<\/h3>\n<p>[\/vc_column_text][vc_column_text css_animation=\u00bbfadeInUp\u00bb el_class=\u00bbour-values__text\u00bb]Nos enfocamos en la excelencia en cada tarea que emprendemos. Nuestro compromiso se refleja en la entrega de estrategias innovadoras de alta calidad que superan las expectativas.[\/vc_column_text][\/vc_column_inner][vc_column_inner width=\u00bb1\/3&#8243;][vc_single_image image=\u00bb205&#8243; img_size=\u00bb150&#215;150&#8243; alignment=\u00bbcenter\u00bb css_animation=\u00bbfadeIn\u00bb el_class=\u00bbabout-us__icon\u00bb][vc_column_text css_animation=\u00bbfadeInRight\u00bb el_class=\u00bbour-values__title\u00bb]<\/p>\n<h3>\u200b\u200b\u200bEmpat\u00eda<\/h3>\n<p>[\/vc_column_text][vc_column_text css_animation=\u00bbfadeInRight\u00bb el_class=\u00bbour-values__text\u00bb]Escuchamos, comprendemos y brindamos apoyo personalizado para satisfacer sus necesidades.[\/vc_column_text][\/vc_column_inner][\/vc_row_inner][vc_empty_space height=\u00bb100px\u00bb][\/vc_column][\/vc_row][vc_row full_width=\u00bbstretch_row_content_no_spaces\u00bb overlay_dotted=\u00bb\u00bb el_id=\u00bbcontact-us\u00bb css=\u00bb.vc_custom_1715014835587{background-color: #cccccc !important;}\u00bb][vc_column][vc_row_inner el_class=\u00bbcontact-us__form\u00bb][vc_column_inner width=\u00bb1\/2&#8243;][vc_column_text css_animation=\u00bbfadeIn\u00bb el_class=\u00bbcontact-us__title\u00bb]<\/p>\n<h3>Cont\u00e1ctenos<\/h3>\n<p>[\/vc_column_text][vc_empty_space height=\u00bb30px\u00bb][vc_column_text css_animation=\u00bbfadeInLeft\u00bb el_class=\u00bbcontact-us__phone\u00bb]<a href=\"mailto:info@findwayconsulting.com\" target=\"_blank\" rel=\"noopener\">info@findwayconsulting.com<\/a><\/p>\n<p>&nbsp;<\/p>\n<p>(786) 233-4342[\/vc_column_text][vc_column_text css_animation=\u00bbfadeIn\u00bb el_class=\u00bbcontact-us__title\u00bb]<\/p>\n<h3>Direcci\u00f3n<\/h3>\n<p>[\/vc_column_text][vc_column_text css_animation=\u00bbfadeInLeft\u00bb el_class=\u00bbcontact-us__phone\u00bb]8180 NW 36th St Ste 323<br \/>\nDoral, FL 33166[\/vc_column_text][vc_column_text css_animation=\u00bbfadeIn\u00bb el_class=\u00bbcontact-us__title\u00bb]<\/p>\n<h3>Horarios<\/h3>\n<p>[\/vc_column_text][vc_column_text css_animation=\u00bbfadeInLeft\u00bb el_class=\u00bbcontact-us__phone\u00bb]<b>Lunes \u2013 Viernes<\/b><br \/>\n10am &#8211; 7pm[\/vc_column_text][vc_column_text css_animation=\u00bbfadeInLeft\u00bb el_class=\u00bbcontact-us__phone\u00bb]<b>S\u00e1bados<\/b><br \/>\n10am &#8211; 2pm[\/vc_column_text][\/vc_column_inner][vc_column_inner width=\u00bb1\/2&#8243;]<style id=\"wpforms-css-vars-90\">\n\t\t\t\t#wpforms-90 {\n\t\t\t\t\n\t\t\t}\n\t\t\t<\/style><div class=\"wpforms-container wpforms-container-full contact-form wpforms-render-modern\" id=\"wpforms-90\"><form id=\"wpforms-form-90\" class=\"wpforms-validate wpforms-form wpforms-ajax-form\" data-formid=\"90\" method=\"post\" enctype=\"multipart\/form-data\" action=\"\/es\/wp-json\/wp\/v2\/pages\/12\" data-token=\"7f72eba2a380f3c696e2344402b0bd2a\" data-token-time=\"1776503550\"><noscript class=\"wpforms-error-noscript\">Por favor, activa JavaScript en tu navegador para completar este formulario.<\/noscript><div id=\"wpforms-error-noscript\" style=\"display: none;\">Por favor, activa JavaScript en tu navegador para completar este formulario.<\/div><div class=\"wpforms-field-container\"><div id=\"wpforms-90-field_0-container\" class=\"wpforms-field wpforms-field-name\" data-field-id=\"0\"><label class=\"wpforms-field-label\" for=\"wpforms-90-field_0\">Nombre Completo <span class=\"wpforms-required-label\" aria-hidden=\"true\">*<\/span><\/label><input type=\"text\" id=\"wpforms-90-field_0\" class=\"wpforms-field-large wpforms-field-required\" name=\"wpforms[fields][0]\" aria-errormessage=\"wpforms-90-field_0-error\" required><\/div><div id=\"wpforms-90-field_1-container\" class=\"wpforms-field wpforms-field-email\" data-field-id=\"1\"><label class=\"wpforms-field-label\" for=\"wpforms-90-field_1\">Email <span class=\"wpforms-required-label\" aria-hidden=\"true\">*<\/span><\/label><input type=\"email\" id=\"wpforms-90-field_1\" class=\"wpforms-field-large wpforms-field-required\" name=\"wpforms[fields][1]\" spellcheck=\"false\" aria-errormessage=\"wpforms-90-field_1-error\" required><\/div><div id=\"wpforms-90-field_3-container\" class=\"wpforms-field wpforms-field-number\" data-field-id=\"3\"><label class=\"wpforms-field-label\" for=\"wpforms-90-field_3\">Tel\u00e9fono <span class=\"wpforms-required-label\" aria-hidden=\"true\">*<\/span><\/label><input type=\"number\" id=\"wpforms-90-field_3\" class=\"wpforms-field-large wpforms-field-required\" name=\"wpforms[fields][3]\" step=\"any\" aria-errormessage=\"wpforms-90-field_3-error\" required><\/div><div id=\"wpforms-90-field_2-container\" class=\"wpforms-field wpforms-field-textarea\" data-field-id=\"2\"><label class=\"wpforms-field-label\" for=\"wpforms-90-field_2\">Comentarios <span class=\"wpforms-required-label\" aria-hidden=\"true\">*<\/span><\/label><textarea id=\"wpforms-90-field_2\" class=\"wpforms-field-medium wpforms-field-required\" name=\"wpforms[fields][2]\" placeholder=\"Su comentario o mensaje...\" aria-errormessage=\"wpforms-90-field_2-error\" required><\/textarea><\/div><\/div><!-- .wpforms-field-container --><div class=\"wpforms-recaptcha-container wpforms-is-recaptcha wpforms-is-recaptcha-type-v3\" ><input type=\"hidden\" name=\"wpforms[recaptcha]\" value=\"\"><\/div><div class=\"wpforms-submit-container\" ><input type=\"hidden\" name=\"wpforms[id]\" value=\"90\"><input type=\"hidden\" name=\"page_title\" value=\"\"><input type=\"hidden\" name=\"page_url\" value=\"http:\/\/findwayconsulting.com\/es\/wp-json\/wp\/v2\/pages\/12\"><input type=\"hidden\" name=\"url_referer\" value=\"\"><button type=\"submit\" name=\"wpforms[submit]\" id=\"wpforms-submit-90\" class=\"wpforms-submit contact-form__submit\" data-alt-text=\"Enviando...\" data-submit-text=\"Enviar\" aria-live=\"assertive\" value=\"wpforms-submit\">Enviar<\/button><img loading=\"lazy\" decoding=\"async\" src=\"http:\/\/findwayconsulting.com\/wp-content\/plugins\/wpforms-lite\/assets\/images\/submit-spin.svg\" class=\"wpforms-submit-spinner\" style=\"display: none;\" width=\"26\" height=\"26\" alt=\"Cargando\"><\/div><\/form><\/div>  <!-- .wpforms-container -->[\/vc_column_inner][\/vc_row_inner][\/vc_column][\/vc_row]<\/p>\n<\/section>","protected":false},"excerpt":{"rendered":"[vc_row full_width=\u00bbstretch_row_content_no_spaces\u00bb overlay_dotted=\u00bb\u00bb el_id=\u00bbhome\u00bb css=\u00bb.vc_custom_1714931441124{background-color: #ffffff !important;}\u00bb][vc_column][vc_empty_space height=\u00bb50px\u00bb][vc_column_text css_animation=\u00bbfadeIn\u00bb el_class=\u00bbwelcome__title\u00bb css=\u00bb.vc_custom_1715022977300{margin-bottom: 10px !important;padding-bottom: 0px !important;}\u00bb] Bienvenido a Findway Consulting [\/vc_column_text][vc_column_text css_animation=\u00bbfadeIn\u00bb el_class=\u00bbwelcome__text\u00bb]L\u00edder en soluciones de consultor\u00eda innovadoras[\/vc_column_text][vc_empty_space height=\u00bb50px\u00bb][\/vc_column][\/vc_row][vc_row full_width=\u00bbstretch_row_content_no_spaces\u00bb overlay_dotted=\u00bb\u00bb][vc_column][vc_row_inner css=\u00bb.vc_custom_1669068477817{padding-right: 10% !important;padding-left: 10% !important;}\u00bb][vc_column_inner width=\u00bb1\/3&#8243;][vc_single_image image=\u00bb200&#8243; img_size=\u00bb\u00bb alignment=\u00bbcenter\u00bb css_animation=\u00bbfadeIn\u00bb][vc_column_text css_animation=\u00bbfadeIn\u00bb el_class=\u00bbabout-us__title\u00bb] \u200bAmplia Experiencia la Industria [\/vc_column_text][vc_column_text css_animation=\u00bbfadeInUp\u00bb el_class=\u00bbabout-us__text\u00bb]Dirigido por un equipo de profesionales experimentados[&#8230;]","protected":false},"author":1,"featured_media":0,"parent":0,"menu_order":0,"comment_status":"closed","ping_status":"closed","template":"","meta":{"footnotes":""},"class_list":["post-12","page","type-page","status-publish","hentry"],"translation":{"provider":"WPGlobus","version":"3.0.2","language":"es","enabled_languages":["en","es"],"languages":{"en":{"title":true,"content":true,"excerpt":false},"es":{"title":true,"content":true,"excerpt":false}}},"_links":{"self":[{"href":"http:\/\/findwayconsulting.com\/es\/wp-json\/wp\/v2\/pages\/12","targetHints":{"allow":["GET"]}}],"collection":[{"href":"http:\/\/findwayconsulting.com\/es\/wp-json\/wp\/v2\/pages"}],"about":[{"href":"http:\/\/findwayconsulting.com\/es\/wp-json\/wp\/v2\/types\/page"}],"author":[{"embeddable":true,"href":"http:\/\/findwayconsulting.com\/es\/wp-json\/wp\/v2\/users\/1"}],"replies":[{"embeddable":true,"href":"http:\/\/findwayconsulting.com\/es\/wp-json\/wp\/v2\/comments?post=12"}],"version-history":[{"count":120,"href":"http:\/\/findwayconsulting.com\/es\/wp-json\/wp\/v2\/pages\/12\/revisions"}],"predecessor-version":[{"id":220,"href":"http:\/\/findwayconsulting.com\/es\/wp-json\/wp\/v2\/pages\/12\/revisions\/220"}],"wp:attachment":[{"href":"http:\/\/findwayconsulting.com\/es\/wp-json\/wp\/v2\/media?parent=12"}],"curies":[{"name":"wp","href":"https:\/\/api.w.org\/{rel}","templated":true}]}}